{"id":6520,"date":"2025-02-04T10:36:48","date_gmt":"2025-02-04T09:36:48","guid":{"rendered":"https:\/\/odazoe.com\/repertorio\/"},"modified":"2025-05-20T09:54:16","modified_gmt":"2025-05-20T07:54:16","slug":"repertoire","status":"publish","type":"page","link":"https:\/\/odazoe.com\/nl\/repertoire\/","title":{"rendered":"Repertoire"},"content":{"rendered":"[vc_row type=&#8221;full_width_background&#8221; full_screen_row_position=&#8221;middle&#8221; column_margin=&#8221;default&#8221; column_direction=&#8221;default&#8221; column_direction_tablet=&#8221;default&#8221; column_direction_phone=&#8221;default&#8221; scene_position=&#8221;center&#8221; top_padding=&#8221;40&#8243; bottom_padding=&#8221;40&#8243; text_color=&#8221;dark&#8221; text_align=&#8221;left&#8221; row_border_radius=&#8221;none&#8221; row_border_radius_applies=&#8221;bg&#8221; overflow=&#8221;visible&#8221; class=&#8221;repertorio&#8221; overlay_strength=&#8221;0.3&#8243; gradient_direction=&#8221;left_to_right&#8221; shape_divider_position=&#8221;bottom&#8221; bg_image_animation=&#8221;none&#8221; shape_type=&#8221;&#8221; gradient_type=&#8221;default&#8221;][vc_column column_padding=&#8221;padding-5-percent&#8221; column_padding_tablet=&#8221;inherit&#8221; column_padding_phone=&#8221;inherit&#8221; column_padding_position=&#8221;all&#8221; column_element_direction_desktop=&#8221;default&#8221; column_element_spacing=&#8221;default&#8221; desktop_text_alignment=&#8221;default&#8221; tablet_text_alignment=&#8221;default&#8221; phone_text_alignment=&#8221;default&#8221; background_color_opacity=&#8221;1&#8243; background_hover_color_opacity=&#8221;1&#8243; column_backdrop_filter=&#8221;none&#8221; column_shadow=&#8221;none&#8221; column_border_radius=&#8221;none&#8221; column_link_target=&#8221;_self&#8221; column_position=&#8221;default&#8221; gradient_direction=&#8221;left_to_right&#8221; overlay_strength=&#8221;0.3&#8243; width=&#8221;1\/1&#8243; tablet_width_inherit=&#8221;default&#8221; animation_type=&#8221;default&#8221; bg_image_animation=&#8221;none&#8221; border_type=&#8221;simple&#8221; column_border_width=&#8221;none&#8221; column_border_style=&#8221;solid&#8221; column_padding_type=&#8221;default&#8221; gradient_type=&#8221;default&#8221;][tabbed_section style=&#8221;vertical&#8221; tab_color=&#8221;Accent-Color&#8221; vs_content_animation=&#8221;fade&#8221; vs_link_animation=&#8221;opacity&#8221; vs_navigation_alignment=&#8221;left&#8221; vs_navigation_width_2=&#8221;25%&#8221; vs_navigation_func=&#8221;default&#8221; vs_navigation_width=&#8221;regular&#8221; vs_navigation_spacing=&#8221;15px&#8221; vs_navigation_mobile_display=&#8221;visible&#8221; vs_tab_spacing=&#8221;5%&#8221;][tab icon_family=&#8221;none&#8221; title=&#8221;Opera &#8211; complete rollen&#8221; id=&#8221;1747727405324-8&#8243; tab_id=&#8221;1747727405324-10&#8243;][vc_column_text css=&#8221;&#8221; text_direction=&#8221;default&#8221;]\n<table class=\" aligncenter\">\n<tbody>\n<tr>\n<td><strong>Albinoni<\/strong><\/td>\n<td>Pimpinone<\/td>\n<td>Vespetta<\/td>\n<\/tr>\n<tr>\n<td><strong>Bellini<\/strong><\/td>\n<td>Norma<\/td>\n<td>Adalgisa<\/td>\n<\/tr>\n<tr>\n<td><strong>Britten<\/strong><\/td>\n<td>The Rape of Lucretia<\/td>\n<td>Lucretia<\/td>\n<\/tr>\n<tr>\n<td><strong>Debussy<\/strong><\/td>\n<td>Pell\u00e9as et M\u00e9lisande<\/td>\n<td>M\u00e9lisande<\/td>\n<\/tr>\n<tr>\n<td><strong>Donizetti<\/strong><\/td>\n<td>Anna Bolena<\/td>\n<td>Smeton<\/td>\n<\/tr>\n<tr>\n<td><strong>Gounod<\/strong><\/td>\n<td>Faust<\/td>\n<td>Siebel<\/td>\n<\/tr>\n<tr>\n<td><strong>von Gluck<\/strong><\/td>\n<td>Orfeo ed Euridice<\/td>\n<td>Orfeo<\/td>\n<\/tr>\n<tr>\n<td><strong>H\u00e4ndel<\/strong><\/td>\n<td>Ariodante<\/td>\n<td>Ariodante<\/td>\n<\/tr>\n<tr>\n<td><\/td>\n<td>Giulio Cesare<\/td>\n<td>Sesto<\/td>\n<\/tr>\n<tr>\n<td><strong>Humperdinck<\/strong><\/td>\n<td>H\u00e4nsel und Gretel<\/td>\n<td>H\u00e4nsel \/ Die Hexe<\/td>\n<\/tr>\n<tr>\n<td><strong>Massenet<\/strong><\/td>\n<td>Werther<\/td>\n<td>Charlotte<\/td>\n<\/tr>\n<tr>\n<td><strong>Monteverdi<\/strong><\/td>\n<td>L\u2019Orfeo<\/td>\n<td>Messaggera \/ La Speranza<\/td>\n<\/tr>\n<tr>\n<td><\/td>\n<td>L\u2019Incoronazione di Poppea<\/td>\n<td>Ottavia<\/td>\n<\/tr>\n<tr>\n<td><strong>Mozart<\/strong><\/td>\n<td>Cos\u00ec fan tutte<\/td>\n<td>Dorabella<\/td>\n<\/tr>\n<tr>\n<td><\/td>\n<td>Le Nozze di Figaro<\/td>\n<td>Cherubino<\/td>\n<\/tr>\n<tr>\n<td><\/td>\n<td>La Clemenza di Tito<\/td>\n<td>Sesto<\/td>\n<\/tr>\n<tr>\n<td><\/td>\n<td>Idomeneo<\/td>\n<td>Idamante<\/td>\n<\/tr>\n<tr>\n<td><strong>Peri<\/strong><\/td>\n<td>L\u2019Euridice<\/td>\n<td>Proserpina<\/td>\n<\/tr>\n<tr>\n<td><strong>Purcell<\/strong><\/td>\n<td>Dido and Aeneas<\/td>\n<td>Dido \/ The Witch \/ The Spirit<\/td>\n<\/tr>\n<tr>\n<td><strong>Rossini<\/strong><\/td>\n<td>La Pietra del Paragone<\/td>\n<td>Clarice<\/td>\n<\/tr>\n<tr>\n<td><\/td>\n<td>La Cenerentola<\/td>\n<td>Angelina (Cenerentola)<\/td>\n<\/tr>\n<tr>\n<td><\/td>\n<td>Il Barbiere di Siviglia<\/td>\n<td>Rosina<\/td>\n<\/tr>\n<tr>\n<td><strong>Vivaldi<\/strong><\/td>\n<td>L\u2019Olimpiade<\/td>\n<td>Argene<\/td>\n<\/tr>\n<\/tbody>\n<\/table>\n[\/vc_column_text][\/tab][tab icon_family=&#8221;none&#8221; title=&#8221;Opera aria&#8217;s&#8221; id=&#8221;1747727405337-4&#8243; tab_id=&#8221;1747727405337-3&#8243;][vc_column_text css=&#8221;&#8221; text_direction=&#8221;default&#8221;]\n<p style=\"text-align: center;\"><strong>Bellini, uit I Capuletti ed i Montecchi<\/strong>:<br \/>\nLieto del dolce incarco\u2026 Se Romeo t\u2019uccise un figlio; Deh tu! Deh tu, bell\u2019anima (Romeo)<\/p>\n<p style=\"text-align: center;\"><strong>Bizet, uit Carmen<\/strong>:<br \/>\nL\u2019amour est un oiseau rebelle (Carmen)<\/p>\n<p style=\"text-align: center;\"><strong>Cimarosa, uit Il matrimonio segreto<\/strong>:<br \/>\n\u00c8 vero che in casa (Fidalma)<\/p>\n<p style=\"text-align: center;\"><strong>Donizetti, uit Lucrezia Borgia<\/strong>:<br \/>\nIl segreto per esser felici (Orsini)<\/p>\n<p style=\"text-align: center;\"><strong>Handel, uit Alcina<\/strong>:<br \/>\nSta nell\u2019ircana pietrosa tana (Ruggiero)<\/p>\n<p style=\"text-align: center;\"><strong>Meyerbeer, uit Les huguenots<\/strong>:<br \/>\nNobles Seigneurs, salut! (Urbain)<\/p>\n<p style=\"text-align: center;\"><strong>Porpora, uit Polifemo<\/strong>:<br \/>\nAlto Giove (Aci)<\/p>\n<p style=\"text-align: center;\"><strong>Rossini, uit L\u2019Italiana in Algeri<\/strong>:<br \/>\nPer lui che adoro e Cruda sorte (Isabella)<\/p>\n<p style=\"text-align: center;\"><strong>Thomas, uit Mignon<\/strong>:<br \/>\nConnais-tu le pays (Mignon)<\/p>\n<p style=\"text-align: center;\"><strong>Vivaldi<\/strong><br \/>\n<strong>uit Il Farnace<\/strong>: Gelido in ogni vena (Farnace)<br \/>\n<strong>uit Bajazet<\/strong>: Sposa son disprezzata (Irene)<\/p>\n[\/vc_column_text][\/tab][tab icon_family=&#8221;none&#8221; title=&#8221;Geestelijk&#8221; id=&#8221;1747727405344-3&#8243; tab_id=&#8221;1747727405344-7&#8243;][vc_column_text css=&#8221;&#8221; text_direction=&#8221;default&#8221;]\n<p style=\"text-align: center;\"><strong>Andriessen: Magna Res est Amor<\/strong>; Gebet an den Sonntag<\/p>\n<p style=\"text-align: center;\"><strong>Bach<\/strong>: Matth\u00e4us Passion (alt solo); Magnificat (sopraan 2 solo); Paas-Oratorium (alt solo); Actus Tragicus (alt solo)<br \/>\nAria \u201cVergn\u00fcgte Ruh, beliebte Seelenlust\u201d uit Kantate BWV 170<\/p>\n<p style=\"text-align: center;\"><strong>Faur\u00e9<\/strong>: Salve Regina Op. 67 nr. 1<\/p>\n<p style=\"text-align: center;\"><strong>Franck<\/strong>: Panis Angelicus<\/p>\n<p style=\"text-align: center;\"><strong>Galuppi, uit het Nisi Dominus<\/strong>: Beatus Vir<\/p>\n<p style=\"text-align: center;\"><strong>H\u00e4ndel<\/strong>: Messiah (alt solo)<\/p>\n<p style=\"text-align: center;\"><strong>Haydn, uit het Stabat Mater<\/strong>: Fac me vere tecum flere<\/p>\n<p style=\"text-align: center;\"><strong>Mascagni<\/strong>: Ave Maria<\/p>\n<p style=\"text-align: center;\"><strong>Mendelssohn<\/strong>: Hymne \u201cH\u00f6r mein Bitten\u201d; uit \u201cPaulus\u201d: Und zog mit einer Schar\u2026 Doch der Herr<\/p>\n<p style=\"text-align: center;\"><strong>Monteverdi<\/strong>: Mariavespers (alt solo)<\/p>\n<p style=\"text-align: center;\"><strong>Mozart<\/strong>:<br \/>\nMis in c (sopraan 2 solo)<br \/>\nRequiem (alt solo)<\/p>\n<p style=\"text-align: center;\"><strong>Pergolesi<\/strong>: Stabat Mater (alt solo)<\/p>\n<p style=\"text-align: center;\"><strong>Piazzolla<\/strong>: Ave Maria<\/p>\n<p style=\"text-align: center;\"><strong>Reger<\/strong>: Mariae Wiegenlied<\/p>\n<p style=\"text-align: center;\"><strong>Rossini<\/strong>: Stabat Mater (mezzosoprano solo); Messe Solennelle (alt solo)<\/p>\n<p style=\"text-align: center;\"><strong>Vierne<\/strong>, Les Ang\u00e9lus Op. 57:<br \/>\nI. Au matin<br \/>\nII. \u00c0 midi<br \/>\nIII. Au soir<\/p>\n<p style=\"text-align: center;\"><strong>Vivaldi<\/strong>: Gloria (alt solo), Nisi Dominus (alt solo)<\/p>\n[\/vc_column_text][\/tab][tab icon_family=&#8221;none&#8221; title=&#8221;Lied &amp; Kamermuziek&#8221; id=&#8221;1747727405350-3&#8243; tab_id=&#8221;1747727405350-9&#8243;][vc_column_text css=&#8221;&#8221; text_direction=&#8221;default&#8221;]\n<p style=\"text-align: center;\"><em>Bekijk ook het repertoire voor mezzosopraan, cello en piano op mijn <a href=\"https:\/\/odazoe.com\/nl\/trio\/\">Trio<\/a><\/em><\/p>\n<p style=\"text-align: center;\"><strong>Barber<\/strong>: Dover Beach (mezzosopraan en strijkkwartet)<\/p>\n<p style=\"text-align: center;\"><strong>Berg<\/strong>: Sieben fr\u00fche Lieder, Vier Lieder Op.2<\/p>\n<p style=\"text-align: center;\"><strong>Brahms<\/strong>: An die Nachtigall; Sonntag; Wiegenlied; Treue Liebe; Der Gang zum Liebchen; Vergebliches St\u00e4ndchen; Sapphische Ode; Immer leiser wird mein Schlummer; Wie Melodien zieht es mir; M\u00e4dchenlied; Die Mainacht; Von ewiger Liebe; Sandm\u00e4nnchen;<\/p>\n<p style=\"text-align: center;\"><strong>Britten<\/strong>: The birds<\/p>\n<p style=\"text-align: center;\"><strong>Chausson<\/strong>: Chanson perp\u00e9tuelle (voor mezzosopraan, piano en strijkkwartetkwartet)<\/p>\n<p style=\"text-align: center;\"><strong>Debussy<\/strong>: Trois chansons de Bilitis; Beau soir<\/p>\n<p style=\"text-align: center;\"><strong>Faur\u00e9<\/strong>: Nell; Apr\u00e8s un r\u00e8ve; Mai; R\u00eave d\u2019amour;<br \/>\nPo\u00ebme d\u2019un jour Op. 21: Rencontre \u2013 Toujours \u2013 Adieu<br \/>\nLes Berceaux; Notre amour; La F\u00e9e aux chansons; Les roses d\u2019Ispahan; Clair de lune<br \/>\nUit Cinq m\u00e9lodie de Venise: Mandoline \u2013 Green<\/p>\n<p style=\"text-align: center;\"><strong>Hahn<\/strong>: Quand la nuit n\u2019est pas \u00e9toil\u00e9e; \u00c0 Chloris; Le Printemps<\/p>\n<p style=\"text-align: center;\"><strong>Mahler<\/strong>: R\u00fcckert-Lieder<\/p>\n<p style=\"text-align: center;\"><strong>Mendelssohn-Bartholdy<\/strong>: Abschiedslied der Zugv\u00f6gel (duet)<\/p>\n<p style=\"text-align: center;\"><strong>Mozart<\/strong>: Als Luise die Briefe; An Chlo\u00eb; Ridente la calma; Dans un bois solitaire et sombre; Abendempfindung; Trennungslied<\/p>\n<p style=\"text-align: center;\"><strong>Quilter<\/strong>: Three Shakespeare Songs Op. 6<\/p>\n<p style=\"text-align: center;\"><strong>Reger<\/strong>: Mariae Wiegenlied<\/p>\n<p style=\"text-align: center;\"><strong>Respighi<\/strong>: Il Tramonto (mezzosopraan en strijkkwartet); I Fauni<\/p>\n<p style=\"text-align: center;\"><strong>Rossini<\/strong>: Ave Maria su due note; Duetto buffo di due gatti<\/p>\n<p style=\"text-align: center;\"><strong>Samson<\/strong>, The hours rise up (voor mezzosopraan en cello)<\/p>\n<p style=\"text-align: center;\"><strong>Schubert<\/strong>: Der Lindenbaum; St\u00e4ndchen; Gretchen am Spinnrade; Heidenr\u00f6slein; Der Wanderer; Die Forelle; Ellen\u2019s dritter Gesang (Ave Maria); Der Tod und das M\u00e4dchen; Romanze aus \u2018Rosamunde\u2019; An die Musik; Du bist die Ruh; Lachen und Weinen; An die Laute; Liebhaber in allen Gestalten; Schlafe, holder s\u00fc\u00dfer Knabe<\/p>\n<p style=\"text-align: center;\">Schumann: Frauenliebe und -Leben Op. 42; Dichterliebe Op. 48; Liederkreis Op. 24; Trag\u00f6die Op. 6;<br \/>\nUit Myrten Op. 25: Du meine Seele, du mein Herz; Die Lotosblume<br \/>\nUit Liederkreis Op. 39: Aus der Heimat hinter den Blitzen rot; Mondnacht<br \/>\nMarienw\u00fcrmchen, setze Dich; Volksliedchen (Wenn ich fr\u00fch)<\/p>\n<p style=\"text-align: center;\"><strong>Sch\u00f6nberg<\/strong>: Lieder Op. 2<\/p>\n<p style=\"text-align: center;\"><strong>Schlegel<\/strong>: Deutsche Liebeslieder Op. 20<\/p>\n<p style=\"text-align: center;\"><strong>Shostakovich<\/strong>: Songs on Jewish Folk Poetry (voor sopraan, mezzosopraan, tenor en piano)<\/p>\n<p style=\"text-align: center;\"><strong>Strau\u00df<\/strong>: Allerseelen; Morgen; Du meines Herzens Kr\u00f6nelein<\/p>\n<p style=\"text-align: center;\"><strong>Tosti<\/strong>: Quattro Canzoni d\u2019Amaranta<\/p>\n<p style=\"text-align: center;\"><strong>Verdi<\/strong>: Deh, pietoso, oh Addolorata<\/p>\n<p style=\"text-align: center;\"><strong>Wagner<\/strong>: Wesendoncklieder<\/p>\n<p style=\"text-align: center;\"><strong>Wolf<\/strong>: Das verlassene M\u00e4gdlein<\/p>\n<p style=\"text-align: center;\"><strong>Zemlinsky<\/strong>: Maeterlinck Lieder Op. 13<\/p>\n[\/vc_column_text][\/tab][\/tabbed_section][\/vc_column][\/vc_row]\n","protected":false},"excerpt":{"rendered":"<p>[vc_row type=&#8221;full_width_background&#8221; full_screen_row_position=&#8221;middle&#8221; column_margin=&#8221;default&#8221; column_direction=&#8221;default&#8221; column_direction_tablet=&#8221;default&#8221; column_direction_phone=&#8221;default&#8221; scene_position=&#8221;center&#8221; top_padding=&#8221;40&#8243; bottom_padding=&#8221;40&#8243; text_color=&#8221;dark&#8221; text_align=&#8221;left&#8221; row_border_radius=&#8221;none&#8221; row_border_radius_applies=&#8221;bg&#8221; overflow=&#8221;visible&#8221; class=&#8221;repertorio&#8221; overlay_strength=&#8221;0.3&#8243; gradient_direction=&#8221;left_to_right&#8221; shape_divider_position=&#8221;bottom&#8221; bg_image_animation=&#8221;none&#8221; shape_type=&#8221;&#8221; gradient_type=&#8221;default&#8221;][vc_column column_padding=&#8221;padding-5-percent&#8221; column_padding_tablet=&#8221;inherit&#8221; column_padding_phone=&#8221;inherit&#8221; column_padding_position=&#8221;all&#8221; column_element_direction_desktop=&#8221;default&#8221; column_element_spacing=&#8221;default&#8221; desktop_text_alignment=&#8221;default&#8221; tablet_text_alignment=&#8221;default&#8221;&#8230;<\/p>\n","protected":false},"author":2,"featured_media":0,"parent":0,"menu_order":0,"comment_status":"closed","ping_status":"closed","template":"","meta":{"_acf_changed":false,"footnotes":""},"class_list":["post-6520","page","type-page","status-publish"],"acf":[],"yoast_head":"<!-- This site is optimized with the Yoast SEO plugin v26.0 - https:\/\/yoast.com\/wordpress\/plugins\/seo\/ -->\n<title>Repertoire - Oda Zoe Hochscheid<\/title>\n<meta name=\"robots\" content=\"index, follow, max-snippet:-1, max-image-preview:large, max-video-preview:-1\" \/>\n<link rel=\"canonical\" href=\"https:\/\/odazoe.com\/nl\/repertoire\/\" \/>\n<meta property=\"og:locale\" content=\"nl_NL\" \/>\n<meta property=\"og:type\" content=\"article\" \/>\n<meta property=\"og:title\" content=\"Repertoire - Oda Zoe Hochscheid\" \/>\n<meta property=\"og:description\" content=\"[vc_row type=&#8221;full_width_background&#8221; full_screen_row_position=&#8221;middle&#8221; column_margin=&#8221;default&#8221; column_direction=&#8221;default&#8221; column_direction_tablet=&#8221;default&#8221; column_direction_phone=&#8221;default&#8221; scene_position=&#8221;center&#8221; top_padding=&#8221;40&#8243; bottom_padding=&#8221;40&#8243; text_color=&#8221;dark&#8221; text_align=&#8221;left&#8221; row_border_radius=&#8221;none&#8221; row_border_radius_applies=&#8221;bg&#8221; overflow=&#8221;visible&#8221; class=&#8221;repertorio&#8221; overlay_strength=&#8221;0.3&#8243; gradient_direction=&#8221;left_to_right&#8221; shape_divider_position=&#8221;bottom&#8221; bg_image_animation=&#8221;none&#8221; shape_type=&#8221;&#8221; gradient_type=&#8221;default&#8221;][vc_column column_padding=&#8221;padding-5-percent&#8221; column_padding_tablet=&#8221;inherit&#8221; column_padding_phone=&#8221;inherit&#8221; column_padding_position=&#8221;all&#8221; column_element_direction_desktop=&#8221;default&#8221; column_element_spacing=&#8221;default&#8221; desktop_text_alignment=&#8221;default&#8221; tablet_text_alignment=&#8221;default&#8221;...\" \/>\n<meta property=\"og:url\" content=\"https:\/\/odazoe.com\/nl\/repertoire\/\" \/>\n<meta property=\"og:site_name\" content=\"Oda Zoe Hochscheid\" \/>\n<meta property=\"article:modified_time\" content=\"2025-05-20T07:54:16+00:00\" \/>\n<meta name=\"twitter:card\" content=\"summary_large_image\" \/>\n<meta name=\"twitter:label1\" content=\"Geschatte leestijd\" \/>\n\t<meta name=\"twitter:data1\" content=\"5 minuten\" \/>\n<script type=\"application\/ld+json\" class=\"yoast-schema-graph\">{\"@context\":\"https:\/\/schema.org\",\"@graph\":[{\"@type\":\"WebPage\",\"@id\":\"https:\/\/odazoe.com\/nl\/repertoire\/\",\"url\":\"https:\/\/odazoe.com\/nl\/repertoire\/\",\"name\":\"Repertoire - Oda Zoe Hochscheid\",\"isPartOf\":{\"@id\":\"https:\/\/odazoe.com\/nl\/#website\"},\"datePublished\":\"2025-02-04T09:36:48+00:00\",\"dateModified\":\"2025-05-20T07:54:16+00:00\",\"breadcrumb\":{\"@id\":\"https:\/\/odazoe.com\/nl\/repertoire\/#breadcrumb\"},\"inLanguage\":\"nl-NL\",\"potentialAction\":[{\"@type\":\"ReadAction\",\"target\":[\"https:\/\/odazoe.com\/nl\/repertoire\/\"]}]},{\"@type\":\"BreadcrumbList\",\"@id\":\"https:\/\/odazoe.com\/nl\/repertoire\/#breadcrumb\",\"itemListElement\":[{\"@type\":\"ListItem\",\"position\":1,\"name\":\"Home\",\"item\":\"https:\/\/odazoe.com\/nl\/\"},{\"@type\":\"ListItem\",\"position\":2,\"name\":\"Repertoire\"}]},{\"@type\":\"WebSite\",\"@id\":\"https:\/\/odazoe.com\/nl\/#website\",\"url\":\"https:\/\/odazoe.com\/nl\/\",\"name\":\"Oda Zoe Hochscheid\",\"description\":\"Mezzosoprano\",\"publisher\":{\"@id\":\"https:\/\/odazoe.com\/nl\/#organization\"},\"potentialAction\":[{\"@type\":\"SearchAction\",\"target\":{\"@type\":\"EntryPoint\",\"urlTemplate\":\"https:\/\/odazoe.com\/nl\/?s={search_term_string}\"},\"query-input\":{\"@type\":\"PropertyValueSpecification\",\"valueRequired\":true,\"valueName\":\"search_term_string\"}}],\"inLanguage\":\"nl-NL\"},{\"@type\":\"Organization\",\"@id\":\"https:\/\/odazoe.com\/nl\/#organization\",\"name\":\"Oda Zoe Hochscheid\",\"url\":\"https:\/\/odazoe.com\/nl\/\",\"logo\":{\"@type\":\"ImageObject\",\"inLanguage\":\"nl-NL\",\"@id\":\"https:\/\/odazoe.com\/nl\/#\/schema\/logo\/image\/\",\"url\":\"https:\/\/odazoe.com\/wp-content\/uploads\/2025\/02\/cropped-oda_zoe_hochscheid_favicon.png\",\"contentUrl\":\"https:\/\/odazoe.com\/wp-content\/uploads\/2025\/02\/cropped-oda_zoe_hochscheid_favicon.png\",\"width\":512,\"height\":512,\"caption\":\"Oda Zoe Hochscheid\"},\"image\":{\"@id\":\"https:\/\/odazoe.com\/nl\/#\/schema\/logo\/image\/\"}}]}<\/script>\n<!-- \/ Yoast SEO plugin. -->","yoast_head_json":{"title":"Repertoire - Oda Zoe Hochscheid","robots":{"index":"index","follow":"follow","max-snippet":"max-snippet:-1","max-image-preview":"max-image-preview:large","max-video-preview":"max-video-preview:-1"},"canonical":"https:\/\/odazoe.com\/nl\/repertoire\/","og_locale":"nl_NL","og_type":"article","og_title":"Repertoire - Oda Zoe Hochscheid","og_description":"[vc_row type=&#8221;full_width_background&#8221; full_screen_row_position=&#8221;middle&#8221; column_margin=&#8221;default&#8221; column_direction=&#8221;default&#8221; column_direction_tablet=&#8221;default&#8221; column_direction_phone=&#8221;default&#8221; scene_position=&#8221;center&#8221; top_padding=&#8221;40&#8243; bottom_padding=&#8221;40&#8243; text_color=&#8221;dark&#8221; text_align=&#8221;left&#8221; row_border_radius=&#8221;none&#8221; row_border_radius_applies=&#8221;bg&#8221; overflow=&#8221;visible&#8221; class=&#8221;repertorio&#8221; overlay_strength=&#8221;0.3&#8243; gradient_direction=&#8221;left_to_right&#8221; shape_divider_position=&#8221;bottom&#8221; bg_image_animation=&#8221;none&#8221; shape_type=&#8221;&#8221; gradient_type=&#8221;default&#8221;][vc_column column_padding=&#8221;padding-5-percent&#8221; column_padding_tablet=&#8221;inherit&#8221; column_padding_phone=&#8221;inherit&#8221; column_padding_position=&#8221;all&#8221; column_element_direction_desktop=&#8221;default&#8221; column_element_spacing=&#8221;default&#8221; desktop_text_alignment=&#8221;default&#8221; tablet_text_alignment=&#8221;default&#8221;...","og_url":"https:\/\/odazoe.com\/nl\/repertoire\/","og_site_name":"Oda Zoe Hochscheid","article_modified_time":"2025-05-20T07:54:16+00:00","twitter_card":"summary_large_image","twitter_misc":{"Geschatte leestijd":"5 minuten"},"schema":{"@context":"https:\/\/schema.org","@graph":[{"@type":"WebPage","@id":"https:\/\/odazoe.com\/nl\/repertoire\/","url":"https:\/\/odazoe.com\/nl\/repertoire\/","name":"Repertoire - Oda Zoe Hochscheid","isPartOf":{"@id":"https:\/\/odazoe.com\/nl\/#website"},"datePublished":"2025-02-04T09:36:48+00:00","dateModified":"2025-05-20T07:54:16+00:00","breadcrumb":{"@id":"https:\/\/odazoe.com\/nl\/repertoire\/#breadcrumb"},"inLanguage":"nl-NL","potentialAction":[{"@type":"ReadAction","target":["https:\/\/odazoe.com\/nl\/repertoire\/"]}]},{"@type":"BreadcrumbList","@id":"https:\/\/odazoe.com\/nl\/repertoire\/#breadcrumb","itemListElement":[{"@type":"ListItem","position":1,"name":"Home","item":"https:\/\/odazoe.com\/nl\/"},{"@type":"ListItem","position":2,"name":"Repertoire"}]},{"@type":"WebSite","@id":"https:\/\/odazoe.com\/nl\/#website","url":"https:\/\/odazoe.com\/nl\/","name":"Oda Zoe Hochscheid","description":"Mezzosoprano","publisher":{"@id":"https:\/\/odazoe.com\/nl\/#organization"},"potentialAction":[{"@type":"SearchAction","target":{"@type":"EntryPoint","urlTemplate":"https:\/\/odazoe.com\/nl\/?s={search_term_string}"},"query-input":{"@type":"PropertyValueSpecification","valueRequired":true,"valueName":"search_term_string"}}],"inLanguage":"nl-NL"},{"@type":"Organization","@id":"https:\/\/odazoe.com\/nl\/#organization","name":"Oda Zoe Hochscheid","url":"https:\/\/odazoe.com\/nl\/","logo":{"@type":"ImageObject","inLanguage":"nl-NL","@id":"https:\/\/odazoe.com\/nl\/#\/schema\/logo\/image\/","url":"https:\/\/odazoe.com\/wp-content\/uploads\/2025\/02\/cropped-oda_zoe_hochscheid_favicon.png","contentUrl":"https:\/\/odazoe.com\/wp-content\/uploads\/2025\/02\/cropped-oda_zoe_hochscheid_favicon.png","width":512,"height":512,"caption":"Oda Zoe Hochscheid"},"image":{"@id":"https:\/\/odazoe.com\/nl\/#\/schema\/logo\/image\/"}}]}},"_links":{"self":[{"href":"https:\/\/odazoe.com\/nl\/wp-json\/wp\/v2\/pages\/6520","targetHints":{"allow":["GET"]}}],"collection":[{"href":"https:\/\/odazoe.com\/nl\/wp-json\/wp\/v2\/pages"}],"about":[{"href":"https:\/\/odazoe.com\/nl\/wp-json\/wp\/v2\/types\/page"}],"author":[{"embeddable":true,"href":"https:\/\/odazoe.com\/nl\/wp-json\/wp\/v2\/users\/2"}],"replies":[{"embeddable":true,"href":"https:\/\/odazoe.com\/nl\/wp-json\/wp\/v2\/comments?post=6520"}],"version-history":[{"count":4,"href":"https:\/\/odazoe.com\/nl\/wp-json\/wp\/v2\/pages\/6520\/revisions"}],"predecessor-version":[{"id":6554,"href":"https:\/\/odazoe.com\/nl\/wp-json\/wp\/v2\/pages\/6520\/revisions\/6554"}],"wp:attachment":[{"href":"https:\/\/odazoe.com\/nl\/wp-json\/wp\/v2\/media?parent=6520"}],"curies":[{"name":"wp","href":"https:\/\/api.w.org\/{rel}","templated":true}]}}